{"id":175,"date":"2020-11-02T16:53:34","date_gmt":"2020-11-02T15:53:34","guid":{"rendered":"https:\/\/www.phd-eep.com\/?page_id=175"},"modified":"2020-11-02T17:00:27","modified_gmt":"2020-11-02T16:00:27","slug":"ou-nous-trouver","status":"publish","type":"page","link":"https:\/\/www.phd-eep.com\/?page_id=175","title":{"rendered":"O\u00f9 nous trouver?"},"content":{"rendered":"\n<p class=\"has-text-align-center\">UMR 8198, CNRS et Universit\u00e9 de Lille,<br>Sciences et Technologies Batiment SN2, Cit\u00e9 Scientifique<br>59655 Villeneuve d&rsquo;Ascq<\/p>\n\n\n\n<p class=\"has-text-align-center\">\u00e9quipes Evolution, Ecologie: Bat SN2<br>\u00e9quipes Pal\u00e9ontolie: Bat SN5<\/p>\n\n\n\n<figure class=\"wp-block-image size-large\"><img loading=\"lazy\" width=\"842\" height=\"595\" src=\"https:\/\/www.phd-eep.com\/wp-content\/uploads\/2020\/11\/eep_google-1.png\" alt=\"\" class=\"wp-image-179\" srcset=\"https:\/\/www.phd-eep.com\/wp-content\/uploads\/2020\/11\/eep_google-1.png 842w, https:\/\/www.phd-eep.com\/wp-content\/uploads\/2020\/11\/eep_google-1-300x212.png 300w, https:\/\/www.phd-eep.com\/wp-content\/uploads\/2020\/11\/eep_google-1-768x543.png 768w\" sizes=\"(max-width: 842px) 100vw, 842px\" \/><\/figure>\n","protected":false},"excerpt":{"rendered":"<p>UMR 8198, CNRS et Universit\u00e9 de Lille,Sciences et Technologies Batiment SN2, Cit\u00e9 Scientifique59655 Villeneuve d&rsquo;Ascq \u00e9quipes Evolution, Ecologie: Bat SN2\u00e9quipes Pal\u00e9ontolie: Bat SN5<\/p>\n","protected":false},"author":1,"featured_media":0,"parent":0,"menu_order":0,"comment_status":"closed","ping_status":"closed","template":"","meta":[],"_links":{"self":[{"href":"https:\/\/www.phd-eep.com\/index.php?rest_route=\/wp\/v2\/pages\/175"}],"collection":[{"href":"https:\/\/www.phd-eep.com\/index.php?rest_route=\/wp\/v2\/pages"}],"about":[{"href":"https:\/\/www.phd-eep.com\/index.php?rest_route=\/wp\/v2\/types\/page"}],"author":[{"embeddable":true,"href":"https:\/\/www.phd-eep.com\/index.php?rest_route=\/wp\/v2\/users\/1"}],"replies":[{"embeddable":true,"href":"https:\/\/www.phd-eep.com\/index.php?rest_route=%2Fwp%2Fv2%2Fcomments&post=175"}],"version-history":[{"count":3,"href":"https:\/\/www.phd-eep.com\/index.php?rest_route=\/wp\/v2\/pages\/175\/revisions"}],"predecessor-version":[{"id":181,"href":"https:\/\/www.phd-eep.com\/index.php?rest_route=\/wp\/v2\/pages\/175\/revisions\/181"}],"wp:attachment":[{"href":"https:\/\/www.phd-eep.com\/index.php?rest_route=%2Fwp%2Fv2%2Fmedia&parent=175"}],"curies":[{"name":"wp","href":"https:\/\/api.w.org\/{rel}","templated":true}]}}